{"id":694,"date":"2022-12-11T11:07:14","date_gmt":"2022-12-11T10:07:14","guid":{"rendered":"https:\/\/vielskervin.dk\/?post_type=product&#038;p=694"},"modified":"2022-12-16T11:36:43","modified_gmt":"2022-12-16T10:36:43","slug":"2018-nativ-eremo-san-quirico-2018","status":"publish","type":"product","link":"https:\/\/vielskervin.dk\/?product=2018-nativ-eremo-san-quirico-2018","title":{"rendered":"Nativ Eremo San Quirico Irpinia Campi Taurasini &#8211; 2018"},"content":{"rendered":"<p>For at afspejle historien og v\u00e6rdien af San Quirico Irpinia har samtidsmaleren Morene Bondi v\u00e6ret med til at designe og male etiketten p\u00e5 denne signaturvin. Lavet p\u00e5 den lokale drue Aglianico dei campi taurasini, der vokser i vulkansk jord p\u00e5 Taurasi-bakkerne. Druerne h\u00f8stes i h\u00e5nden og transporteres i sm\u00e5 kasser af 20 kg for at undg\u00e5, at druerne bliver klemt. Druerne presses og g\u00e6rer med skinkontakt i 20 dage i st\u00e5ltanke. Herefter lagres vinen p\u00e5 nye franske egetr\u00e6sfade mellem 12 og 18 m\u00e5neder. M\u00f8rker\u00f8d i glasset. Duften er fyldt med noter af r\u00f8deb\u00e6r og vanilje. Smagen er intens med noter af solmodne kirseb\u00e6r, bromb\u00e6r, krydderier og vanilje med silkebl\u00f8de tanniner og lang eftersmag. Et brag af en vin der vil passe perfekt til steak, grill, simreretter, svamperisotto mm.<\/p>\n<p><strong>Anmeldelser:<\/strong><br \/>\nLuca Maroni: 99 point<br \/>\nJames Suckling: 91 point<br \/>\nGilbert &amp; Gaillard: 94 point<\/p>\n","protected":false},"excerpt":{"rendered":"<p>Pris ved 6 stk. 159,00 kr.<\/p>\n","protected":false},"featured_media":695,"template":"","meta":[],"product_brand":[],"product_cat":[34,33,17],"product_tag":[35],"class_list":{"0":"post-694","1":"product","2":"type-product","3":"status-publish","4":"has-post-thumbnail","6":"product_cat-campania","7":"product_cat-italien","8":"product_cat-roedvin","9":"product_tag-aglianico","11":"first","12":"instock","13":"taxable","14":"shipping-taxable","15":"purchasable","16":"product-type-simple"},"tiered_pricing_type":"fixed","tiered_pricing_fixed_rules":{"6":159},"tiered_pricing_product_settings":{"layout":"default","base_unit_name":{"singular":null,"plural":null},"default_variation":null},"tiered_pricing_minimum_quantity":null,"tiered_pricing_roles_data":[],"tiered_pricing_percentage_rules":[],"_links":{"self":[{"href":"https:\/\/vielskervin.dk\/index.php?rest_route=\/wp\/v2\/product\/694","targetHints":{"allow":["GET"]}}],"collection":[{"href":"https:\/\/vielskervin.dk\/index.php?rest_route=\/wp\/v2\/product"}],"about":[{"href":"https:\/\/vielskervin.dk\/index.php?rest_route=\/wp\/v2\/types\/product"}],"wp:featuredmedia":[{"embeddable":true,"href":"https:\/\/vielskervin.dk\/index.php?rest_route=\/wp\/v2\/media\/695"}],"wp:attachment":[{"href":"https:\/\/vielskervin.dk\/index.php?rest_route=%2Fwp%2Fv2%2Fmedia&parent=694"}],"wp:term":[{"taxonomy":"product_brand","embeddable":true,"href":"https:\/\/vielskervin.dk\/index.php?rest_route=%2Fwp%2Fv2%2Fproduct_brand&post=694"},{"taxonomy":"product_cat","embeddable":true,"href":"https:\/\/vielskervin.dk\/index.php?rest_route=%2Fwp%2Fv2%2Fproduct_cat&post=694"},{"taxonomy":"product_tag","embeddable":true,"href":"https:\/\/vielskervin.dk\/index.php?rest_route=%2Fwp%2Fv2%2Fproduct_tag&post=694"}],"curies":[{"name":"wp","href":"https:\/\/api.w.org\/{rel}","templated":true}]}}