{"id":530,"date":"2022-12-08T10:13:46","date_gmt":"2022-12-08T09:13:46","guid":{"rendered":"https:\/\/vielskervin.dk\/vare\/feuerheerds-30-years-old-tawny-port-i-karaffel\/"},"modified":"2022-12-14T14:11:05","modified_gmt":"2022-12-14T13:11:05","slug":"feuerheerds-30-years-old-tawny-port-i-karaffel","status":"publish","type":"product","link":"https:\/\/vielskervin.dk\/?product=feuerheerds-30-years-old-tawny-port-i-karaffel","title":{"rendered":"Feuerheerd\u00b4s 30 Years Old Tawny Port i Karaffel"},"content":{"rendered":"<p>Feuerheerd\u00b4s 30 Years Old Tawny Port i Karaffel 75 cl.<\/p>\n<p>Feuerheerds 30 \u00e5rs Tawny port er resultatet af et unikt blend af udvalgte portvine der er godkendt til denne 30 \u00e5rs Tawny. Dette unikke blend af gamle portvine g\u00f8r vinen mere kompleks og giver en n\u00e6rmest endel\u00f8s dybde i den meget behageligt afrundede smag. Vinen har en flot ravgylden farve med brune reflekser fra fadet.<\/p>\n<p>Duften er fuld af komplekse aromaer, hvilket vil begejstrer selv den mest kr\u00e6sne portvins entusiast. I smagen finder man typiske komplekse noter af t\u00f8rrede rosiner, svesker, n\u00f8dder og chokolade som h\u00e6nger ved i den lange intense eftersmag. Portvinen kommer i en elegant eksklusiv karaffel i en tr\u00e6kasse. Tappe\u00e5ret for denne portvin er 2019.<\/p>\n<p>Oplagt gaveide.<\/p>\n","protected":false},"excerpt":{"rendered":"<p>Pris 449,00 kr.<\/p>\n<style>\n.woocommerce-product-details__short-description { display: none; }\n<\/style>\n","protected":false},"featured_media":538,"template":"","meta":[],"product_brand":[],"product_cat":[24],"product_tag":[],"class_list":{"0":"post-530","1":"product","2":"type-product","3":"status-publish","4":"has-post-thumbnail","6":"product_cat-portvin","8":"first","9":"instock","10":"sale","11":"taxable","12":"shipping-taxable","13":"purchasable","14":"product-type-simple"},"tiered_pricing_type":"fixed","tiered_pricing_fixed_rules":[],"tiered_pricing_product_settings":{"layout":"default","base_unit_name":{"singular":null,"plural":null},"default_variation":null},"tiered_pricing_minimum_quantity":null,"tiered_pricing_roles_data":[],"tiered_pricing_percentage_rules":[],"_links":{"self":[{"href":"https:\/\/vielskervin.dk\/index.php?rest_route=\/wp\/v2\/product\/530","targetHints":{"allow":["GET"]}}],"collection":[{"href":"https:\/\/vielskervin.dk\/index.php?rest_route=\/wp\/v2\/product"}],"about":[{"href":"https:\/\/vielskervin.dk\/index.php?rest_route=\/wp\/v2\/types\/product"}],"wp:featuredmedia":[{"embeddable":true,"href":"https:\/\/vielskervin.dk\/index.php?rest_route=\/wp\/v2\/media\/538"}],"wp:attachment":[{"href":"https:\/\/vielskervin.dk\/index.php?rest_route=%2Fwp%2Fv2%2Fmedia&parent=530"}],"wp:term":[{"taxonomy":"product_brand","embeddable":true,"href":"https:\/\/vielskervin.dk\/index.php?rest_route=%2Fwp%2Fv2%2Fproduct_brand&post=530"},{"taxonomy":"product_cat","embeddable":true,"href":"https:\/\/vielskervin.dk\/index.php?rest_route=%2Fwp%2Fv2%2Fproduct_cat&post=530"},{"taxonomy":"product_tag","embeddable":true,"href":"https:\/\/vielskervin.dk\/index.php?rest_route=%2Fwp%2Fv2%2Fproduct_tag&post=530"}],"curies":[{"name":"wp","href":"https:\/\/api.w.org\/{rel}","templated":true}]}}