{"id":524,"date":"2022-12-08T10:13:46","date_gmt":"2022-12-08T09:13:46","guid":{"rendered":"https:\/\/vielskervin.dk\/vare\/riesling-oeko-pfalz-dr-burklin-wolf-2019\/"},"modified":"2022-12-08T11:01:21","modified_gmt":"2022-12-08T10:01:21","slug":"riesling-oeko-pfalz-dr-burklin-wolf-2019","status":"publish","type":"product","link":"https:\/\/vielskervin.dk\/?product=riesling-oeko-pfalz-dr-burklin-wolf-2019","title":{"rendered":"Riesling \u00d8ko Pfalz Dr. B\u00fcrklin-Wolf &#8211; 2019"},"content":{"rendered":"<p><span data-mce-fragment=\"1\">Riesling Pfalz fremstilles af druer fra Familien B\u00fcrklins marker i Wachenheim, Deidesheim og Ruppertsberg. Vinen demonstrerer alle Pfalz&#8217; kvaliteter; Duften byder p\u00e5 intense nuancer af citrus og mineraler. <\/span><\/p>\n<p><span data-mce-fragment=\"1\">Smagen er t\u00f8r, mineralsk og tilpas fyldig, og munder ud i en appetitv\u00e6kkende spr\u00f8d finish. Hvis man ikke vidste bedre, kunne man komme til at tro at der var tale om en enkeltmarksvin.\u00a0<\/span><\/p>\n<p><strong>Anmeldelser:<\/strong><br data-mce-fragment=\"1\" \/><span data-mce-fragment=\"1\">Alt om vin: 6 Stjerner<\/span><br data-mce-fragment=\"1\" \/><span data-mce-fragment=\"1\">James Suckling: 93 point<\/span><br data-mce-fragment=\"1\" \/><span data-mce-fragment=\"1\">Robert Parker: 90 point<\/span><\/p>\n","protected":false},"excerpt":{"rendered":"<p>Riesling<\/p>\n","protected":false},"featured_media":543,"template":"","meta":[],"product_brand":[],"product_cat":[23],"product_tag":[],"class_list":{"0":"post-524","1":"product","2":"type-product","3":"status-publish","4":"has-post-thumbnail","6":"product_cat-hvidvin","8":"first","9":"instock","10":"taxable","11":"shipping-taxable","12":"purchasable","13":"product-type-simple"},"tiered_pricing_type":"fixed","tiered_pricing_fixed_rules":[],"tiered_pricing_product_settings":{"layout":"default","base_unit_name":{"singular":null,"plural":null},"default_variation":null},"tiered_pricing_minimum_quantity":null,"tiered_pricing_roles_data":[],"tiered_pricing_percentage_rules":[],"_links":{"self":[{"href":"https:\/\/vielskervin.dk\/index.php?rest_route=\/wp\/v2\/product\/524","targetHints":{"allow":["GET"]}}],"collection":[{"href":"https:\/\/vielskervin.dk\/index.php?rest_route=\/wp\/v2\/product"}],"about":[{"href":"https:\/\/vielskervin.dk\/index.php?rest_route=\/wp\/v2\/types\/product"}],"wp:featuredmedia":[{"embeddable":true,"href":"https:\/\/vielskervin.dk\/index.php?rest_route=\/wp\/v2\/media\/543"}],"wp:attachment":[{"href":"https:\/\/vielskervin.dk\/index.php?rest_route=%2Fwp%2Fv2%2Fmedia&parent=524"}],"wp:term":[{"taxonomy":"product_brand","embeddable":true,"href":"https:\/\/vielskervin.dk\/index.php?rest_route=%2Fwp%2Fv2%2Fproduct_brand&post=524"},{"taxonomy":"product_cat","embeddable":true,"href":"https:\/\/vielskervin.dk\/index.php?rest_route=%2Fwp%2Fv2%2Fproduct_cat&post=524"},{"taxonomy":"product_tag","embeddable":true,"href":"https:\/\/vielskervin.dk\/index.php?rest_route=%2Fwp%2Fv2%2Fproduct_tag&post=524"}],"curies":[{"name":"wp","href":"https:\/\/api.w.org\/{rel}","templated":true}]}}