{"id":522,"date":"2022-12-08T10:13:45","date_gmt":"2022-12-08T09:13:45","guid":{"rendered":"https:\/\/vielskervin.dk\/vare\/bourgogne-chardonnay-la-chablisienne-2018\/"},"modified":"2022-12-08T10:58:44","modified_gmt":"2022-12-08T09:58:44","slug":"bourgogne-chardonnay-la-chablisienne-2018","status":"publish","type":"product","link":"https:\/\/vielskervin.dk\/?product=bourgogne-chardonnay-la-chablisienne-2018","title":{"rendered":"Bourgogne Chardonnay La Chablisienne &#8211; 2018"},"content":{"rendered":"<p><span data-mce-fragment=\"1\">La Chablisienne er en af de absolutte superstars fra Chablis-distriktet. Navnet d\u00e6kker over en sammenslutning af sm\u00e5 jordbesiddere, som hver is\u00e6r bidrager med et lille kvantum af deres bedste druer. Der er knivskarpt fokus p\u00e5 kompleksitet, elegance og holdbarhed, og d\u00e9t endda til overordentligt fornuftige priser. <\/span><\/p>\n<p><span data-mce-fragment=\"1\">La Chablisienne besidder en af verdens mest moderne ving\u00e5rde, en fantastisk konstruktion til mange milioner som g\u00f8r sammenslutningen i stand til at yde det ultimative og fastholde alle detaljer i Cru&#8217;ernes forskellighed. Husets vartegn er vinenes kolossale lagringspotentiale. Selv husets standard-cuv\u00e9e besidder stof til mindst et \u00e5rtis udvikling! Ud over Sauvignon de St.-Bris og alle Chablisappellationerne, s\u00e5 laver La Chablisienne ogs\u00e5 en fremragende hvid Bourgogne. <\/span><\/p>\n<p><span data-mce-fragment=\"1\">Druerne kommer fra alle de marker, som ikke m\u00e5 bruge i ovenn\u00e6vnte vine, men stilen er umiskendelig mineralsk og let kalket. En fin, elgant vin med underspillet fedme og stor friskhed.<\/span><\/p>\n<p><br data-mce-fragment=\"1\" \/><strong>Anmeldelser:<\/strong><br data-mce-fragment=\"1\" \/><span data-mce-fragment=\"1\">Feinschmeckeren.dk: 5 Stjerner<\/span><br data-mce-fragment=\"1\" \/><span data-mce-fragment=\"1\">Jyllands Posten: 5 Stjerner<\/span><\/p>\n","protected":false},"excerpt":{"rendered":"<p>Riesling<\/p>\n","protected":false},"featured_media":545,"template":"","meta":[],"product_brand":[],"product_cat":[23],"product_tag":[],"class_list":{"0":"post-522","1":"product","2":"type-product","3":"status-publish","4":"has-post-thumbnail","6":"product_cat-hvidvin","8":"first","9":"instock","10":"taxable","11":"shipping-taxable","12":"purchasable","13":"product-type-simple"},"tiered_pricing_type":"fixed","tiered_pricing_fixed_rules":[],"tiered_pricing_product_settings":{"layout":"default","base_unit_name":{"singular":null,"plural":null},"default_variation":null},"tiered_pricing_minimum_quantity":null,"tiered_pricing_roles_data":[],"tiered_pricing_percentage_rules":[],"_links":{"self":[{"href":"https:\/\/vielskervin.dk\/index.php?rest_route=\/wp\/v2\/product\/522","targetHints":{"allow":["GET"]}}],"collection":[{"href":"https:\/\/vielskervin.dk\/index.php?rest_route=\/wp\/v2\/product"}],"about":[{"href":"https:\/\/vielskervin.dk\/index.php?rest_route=\/wp\/v2\/types\/product"}],"wp:featuredmedia":[{"embeddable":true,"href":"https:\/\/vielskervin.dk\/index.php?rest_route=\/wp\/v2\/media\/545"}],"wp:attachment":[{"href":"https:\/\/vielskervin.dk\/index.php?rest_route=%2Fwp%2Fv2%2Fmedia&parent=522"}],"wp:term":[{"taxonomy":"product_brand","embeddable":true,"href":"https:\/\/vielskervin.dk\/index.php?rest_route=%2Fwp%2Fv2%2Fproduct_brand&post=522"},{"taxonomy":"product_cat","embeddable":true,"href":"https:\/\/vielskervin.dk\/index.php?rest_route=%2Fwp%2Fv2%2Fproduct_cat&post=522"},{"taxonomy":"product_tag","embeddable":true,"href":"https:\/\/vielskervin.dk\/index.php?rest_route=%2Fwp%2Fv2%2Fproduct_tag&post=522"}],"curies":[{"name":"wp","href":"https:\/\/api.w.org\/{rel}","templated":true}]}}