{"id":521,"date":"2022-12-08T10:13:45","date_gmt":"2022-12-08T09:13:45","guid":{"rendered":"https:\/\/vielskervin.dk\/vare\/chateau-de-pibarnon-rose-bandol-2020\/"},"modified":"2022-12-08T10:59:10","modified_gmt":"2022-12-08T09:59:10","slug":"chateau-de-pibarnon-rose-bandol-2020","status":"publish","type":"product","link":"https:\/\/vielskervin.dk\/?product=chateau-de-pibarnon-rose-bandol-2020","title":{"rendered":"Chateau de Pibarnon Ros\u00e9 Bandol &#8211; 2020"},"content":{"rendered":"<p>Fra h\u00f8jtliggende marker i amfiteatret med den s\u00e6rlige fossilrige jord med ler, kalksten og krid, som giver Pibarnons Bandol Ros\u00e9 en udtalt mineralitet. Den unikke beliggenhed og et dristigt blend af druesorter, giver denne s\u00e6rlige ros\u00e9 masser af karakter, kompleksitet og elegance.<\/p>\n<p>En ros\u00e9 med god struktur, fylde og stor kompleksitet i duft og smag med noter af grape og r\u00f8de frugter som jordb\u00e6r og hindb\u00e6r og strejf af krydderi. Det er en frugtig ros\u00e9 med stor personlighed. Ideel til mad.<\/p>\n<p><strong>Anmeldelser:<\/strong><br \/>\nVinous: 93 point<br \/>\nWine Spectator: 92 point<\/p>\n","protected":false},"excerpt":{"rendered":"<p>Rose<\/p>\n","protected":false},"featured_media":546,"template":"","meta":[],"product_brand":[],"product_cat":[25],"product_tag":[],"class_list":{"0":"post-521","1":"product","2":"type-product","3":"status-publish","4":"has-post-thumbnail","6":"product_cat-rosevin","8":"first","9":"instock","10":"taxable","11":"shipping-taxable","12":"purchasable","13":"product-type-simple"},"tiered_pricing_type":"fixed","tiered_pricing_fixed_rules":[],"tiered_pricing_product_settings":{"layout":"default","base_unit_name":{"singular":null,"plural":null},"default_variation":null},"tiered_pricing_minimum_quantity":null,"tiered_pricing_roles_data":[],"tiered_pricing_percentage_rules":[],"_links":{"self":[{"href":"https:\/\/vielskervin.dk\/index.php?rest_route=\/wp\/v2\/product\/521","targetHints":{"allow":["GET"]}}],"collection":[{"href":"https:\/\/vielskervin.dk\/index.php?rest_route=\/wp\/v2\/product"}],"about":[{"href":"https:\/\/vielskervin.dk\/index.php?rest_route=\/wp\/v2\/types\/product"}],"wp:featuredmedia":[{"embeddable":true,"href":"https:\/\/vielskervin.dk\/index.php?rest_route=\/wp\/v2\/media\/546"}],"wp:attachment":[{"href":"https:\/\/vielskervin.dk\/index.php?rest_route=%2Fwp%2Fv2%2Fmedia&parent=521"}],"wp:term":[{"taxonomy":"product_brand","embeddable":true,"href":"https:\/\/vielskervin.dk\/index.php?rest_route=%2Fwp%2Fv2%2Fproduct_brand&post=521"},{"taxonomy":"product_cat","embeddable":true,"href":"https:\/\/vielskervin.dk\/index.php?rest_route=%2Fwp%2Fv2%2Fproduct_cat&post=521"},{"taxonomy":"product_tag","embeddable":true,"href":"https:\/\/vielskervin.dk\/index.php?rest_route=%2Fwp%2Fv2%2Fproduct_tag&post=521"}],"curies":[{"name":"wp","href":"https:\/\/api.w.org\/{rel}","templated":true}]}}