{"id":519,"date":"2022-12-08T10:13:45","date_gmt":"2022-12-08T09:13:45","guid":{"rendered":"https:\/\/vielskervin.dk\/vare\/new-day-rosato-igt-toscana-tenuta-il-palagio-2020\/"},"modified":"2022-12-08T11:00:40","modified_gmt":"2022-12-08T10:00:40","slug":"new-day-rosato-igt-toscana-tenuta-il-palagio-2020","status":"publish","type":"product","link":"https:\/\/vielskervin.dk\/?product=new-day-rosato-igt-toscana-tenuta-il-palagio-2020","title":{"rendered":"New Day Rosato IGT Toscana Tenuta Il Palagio &#8211; 2020"},"content":{"rendered":"<p>Da Sting og Trudie overtog Il Palagio beholdt de mange af de gamle medarbejdere bl.a. Beppe, en mand der har viet hele sit liv til ejendommen. I over 59 \u00e5r var Beppes tilstedev\u00e6relse s\u00e5 konstant som jorden og hans arbejde s\u00e5 sikker og stabilt som \u00e5rstiderne. Derfor er denne friske og delikate aperitif vin opkaldt efter ham.<\/p>\n<p>Som Sting &amp; Trudy siger: Vi vil t\u00e6nke p\u00e5 Beppe og hilse ham hver gang vi sk\u00e5ler i denne vin. Til Beppe! Chin-chin! Vinen har en smuk sart rosa farve med duft af ananas og fersken. Frisk og saftig smag med god l\u00e6ngde.<\/p>\n<div class=\"u-bold\">\n<strong>Anmeldelser:<\/strong><\/div>\n<div class=\"u-bold\">James Suckling: 91 point<\/div>\n<p class=\"u-no-margin u-italic\">Pale raspberry-copper color with aromas of wild strawberry, watermelon and pomegranate. Cantaloup melon, too. It\u2019s fruity and creamy on the palate with a medium body and crisp acidity. Fresh and clean.<\/p>\n","protected":false},"excerpt":{"rendered":"<p>Rose<\/p>\n","protected":false},"featured_media":548,"template":"","meta":[],"product_brand":[],"product_cat":[25],"product_tag":[],"class_list":{"0":"post-519","1":"product","2":"type-product","3":"status-publish","4":"has-post-thumbnail","6":"product_cat-rosevin","8":"first","9":"instock","10":"taxable","11":"shipping-taxable","12":"purchasable","13":"product-type-simple"},"tiered_pricing_type":"fixed","tiered_pricing_fixed_rules":[],"tiered_pricing_product_settings":{"layout":"default","base_unit_name":{"singular":null,"plural":null},"default_variation":null},"tiered_pricing_minimum_quantity":null,"tiered_pricing_roles_data":[],"tiered_pricing_percentage_rules":[],"_links":{"self":[{"href":"https:\/\/vielskervin.dk\/index.php?rest_route=\/wp\/v2\/product\/519","targetHints":{"allow":["GET"]}}],"collection":[{"href":"https:\/\/vielskervin.dk\/index.php?rest_route=\/wp\/v2\/product"}],"about":[{"href":"https:\/\/vielskervin.dk\/index.php?rest_route=\/wp\/v2\/types\/product"}],"wp:featuredmedia":[{"embeddable":true,"href":"https:\/\/vielskervin.dk\/index.php?rest_route=\/wp\/v2\/media\/548"}],"wp:attachment":[{"href":"https:\/\/vielskervin.dk\/index.php?rest_route=%2Fwp%2Fv2%2Fmedia&parent=519"}],"wp:term":[{"taxonomy":"product_brand","embeddable":true,"href":"https:\/\/vielskervin.dk\/index.php?rest_route=%2Fwp%2Fv2%2Fproduct_brand&post=519"},{"taxonomy":"product_cat","embeddable":true,"href":"https:\/\/vielskervin.dk\/index.php?rest_route=%2Fwp%2Fv2%2Fproduct_cat&post=519"},{"taxonomy":"product_tag","embeddable":true,"href":"https:\/\/vielskervin.dk\/index.php?rest_route=%2Fwp%2Fv2%2Fproduct_tag&post=519"}],"curies":[{"name":"wp","href":"https:\/\/api.w.org\/{rel}","templated":true}]}}