{"id":518,"date":"2022-12-08T10:13:45","date_gmt":"2022-12-08T09:13:45","guid":{"rendered":"https:\/\/vielskervin.dk\/vare\/saint-tropez-gold-rose-cotes-de-provence-magnum-2020\/"},"modified":"2022-12-08T11:02:21","modified_gmt":"2022-12-08T10:02:21","slug":"saint-tropez-gold-rose-cotes-de-provence-magnum-2020","status":"publish","type":"product","link":"https:\/\/vielskervin.dk\/?product=saint-tropez-gold-rose-cotes-de-provence-magnum-2020","title":{"rendered":"Saint-Tropez Gold Ros\u00e9 C\u00f4tes de Provence Magnum &#8211; 2020"},"content":{"rendered":"<p>Gold er en hyldest til det unikke terroir i den gyldne trekant (triangle d&#8217;or) som dannes af de 3 legendariske rose-byer Cuers, Pierrefeu og Puget, &#8220;den gylde trekant indenfor rose&#8221;.<\/p>\n<p>Druerne kommer fra vinmarkerne indenfor denne trekant og vinen er sammensat ud fra den store ekspertise og viden fra de 3 byer. Vinen er elegant og velafbalanceret med en fin sart laksefarve, aromatisk n\u00e6se og en spr\u00f8d frugtig smag af fine r\u00f8de b\u00e6r. Afsluttes med en let mineralitet. Rose i den absolutte luksusklasse!<\/p>\n<p><strong>Anmeldelser:<\/strong><br \/>\nKvindevin.dk: 5 Stjerner<br \/>\nEkstra Bladet: 5 Stjerner<\/p>\n","protected":false},"excerpt":{"rendered":"<p>Rose<\/p>\n","protected":false},"featured_media":549,"template":"","meta":[],"product_brand":[],"product_cat":[25],"product_tag":[],"class_list":{"0":"post-518","1":"product","2":"type-product","3":"status-publish","4":"has-post-thumbnail","6":"product_cat-rosevin","8":"first","9":"instock","10":"taxable","11":"shipping-taxable","12":"purchasable","13":"product-type-simple"},"tiered_pricing_type":"fixed","tiered_pricing_fixed_rules":[],"tiered_pricing_product_settings":{"layout":"default","base_unit_name":{"singular":null,"plural":null},"default_variation":null},"tiered_pricing_minimum_quantity":null,"tiered_pricing_roles_data":[],"tiered_pricing_percentage_rules":[],"_links":{"self":[{"href":"https:\/\/vielskervin.dk\/index.php?rest_route=\/wp\/v2\/product\/518","targetHints":{"allow":["GET"]}}],"collection":[{"href":"https:\/\/vielskervin.dk\/index.php?rest_route=\/wp\/v2\/product"}],"about":[{"href":"https:\/\/vielskervin.dk\/index.php?rest_route=\/wp\/v2\/types\/product"}],"wp:featuredmedia":[{"embeddable":true,"href":"https:\/\/vielskervin.dk\/index.php?rest_route=\/wp\/v2\/media\/549"}],"wp:attachment":[{"href":"https:\/\/vielskervin.dk\/index.php?rest_route=%2Fwp%2Fv2%2Fmedia&parent=518"}],"wp:term":[{"taxonomy":"product_brand","embeddable":true,"href":"https:\/\/vielskervin.dk\/index.php?rest_route=%2Fwp%2Fv2%2Fproduct_brand&post=518"},{"taxonomy":"product_cat","embeddable":true,"href":"https:\/\/vielskervin.dk\/index.php?rest_route=%2Fwp%2Fv2%2Fproduct_cat&post=518"},{"taxonomy":"product_tag","embeddable":true,"href":"https:\/\/vielskervin.dk\/index.php?rest_route=%2Fwp%2Fv2%2Fproduct_tag&post=518"}],"curies":[{"name":"wp","href":"https:\/\/api.w.org\/{rel}","templated":true}]}}