{"id":416,"date":"2022-12-07T14:21:45","date_gmt":"2022-12-07T13:21:45","guid":{"rendered":"https:\/\/vielskervin.dk\/?post_type=product&#038;p=416"},"modified":"2022-12-16T11:38:23","modified_gmt":"2022-12-16T10:38:23","slug":"allegrini-amarone-della-valpolicella-classico-2012","status":"publish","type":"product","link":"https:\/\/vielskervin.dk\/?product=allegrini-amarone-della-valpolicella-classico-2012","title":{"rendered":"Allegrini Amarone della Valpolicella Classico &#8211; 2012"},"content":{"rendered":"<p>Takket v\u00e6re en dyb forst\u00e5else opn\u00e5et igennem \u00e5rs forskning og eksperimenter, har Allegrini perfektioneret en stil af Amarone, der virkelig lader druernes fulde potentiale komme til udtryk. Corvina, Corvinone, Rondinella og Oseleta l\u00e6gges til naturlig t\u00f8rring i 3-4 m\u00e5neder og kontrolleres dagligt for at sikre perfekt sunde druer.<\/p>\n<p>N\u00e5r druerne har tabt 40-45% af deres oprindelige v\u00e6gt og smagsstoffer og sukker derved er blevet st\u00e6rkt koncentrerede, g\u00e6res de koncentrerede druer separat efter druetype. Lagres derefter 18 m\u00e5neder p\u00e5 egetr\u00e6sfade inden de forskellige vine stikkes sammen. Det endelige blend lagres herefter i 7 m\u00e5neder inden frigivelse.<\/p>\n<p>Allegrini familiens Amarone er kendt som en sand klassiker &#8211; en Amarone der p\u00e5 flotteste vis lader druernes karakter og omr\u00e5dets terroir skinne igennem. Vinen har en intens duft af moden frugt og krydderi samt en imponerende stor struktur og dybde i munden hvor alkoholen holdes i flot balance af den rigtige m\u00e6ngde naturlig frugtsyre og markante men meget raffinerede tanniner.<\/p>\n","protected":false},"excerpt":{"rendered":"<table border=\"0\" width=\"100%\" cellspacing=\"1\" cellpadding=\"1\">\n<tbody>\n<tr>\n<td bgcolor=\"#BA933E\"><span style=\"color: #ffffff;\">Pris ved 6 stk.<b> 189,00 kr.<\/b><\/span><\/td>\n<\/tr>\n<\/tbody>\n<\/table>\n","protected":false},"featured_media":417,"template":"","meta":[],"product_brand":[],"product_cat":[33,17,36],"product_tag":[37],"class_list":{"0":"post-416","1":"product","2":"type-product","3":"status-publish","4":"has-post-thumbnail","6":"product_cat-italien","7":"product_cat-roedvin","8":"product_cat-veneto","9":"product_tag-corvina","11":"first","12":"instock","13":"taxable","14":"shipping-taxable","15":"purchasable","16":"product-type-simple"},"tiered_pricing_type":"fixed","tiered_pricing_fixed_rules":{"6":189},"tiered_pricing_product_settings":{"layout":"default","base_unit_name":{"singular":null,"plural":null},"default_variation":null},"tiered_pricing_minimum_quantity":null,"tiered_pricing_roles_data":[],"tiered_pricing_percentage_rules":[],"_links":{"self":[{"href":"https:\/\/vielskervin.dk\/index.php?rest_route=\/wp\/v2\/product\/416","targetHints":{"allow":["GET"]}}],"collection":[{"href":"https:\/\/vielskervin.dk\/index.php?rest_route=\/wp\/v2\/product"}],"about":[{"href":"https:\/\/vielskervin.dk\/index.php?rest_route=\/wp\/v2\/types\/product"}],"wp:featuredmedia":[{"embeddable":true,"href":"https:\/\/vielskervin.dk\/index.php?rest_route=\/wp\/v2\/media\/417"}],"wp:attachment":[{"href":"https:\/\/vielskervin.dk\/index.php?rest_route=%2Fwp%2Fv2%2Fmedia&parent=416"}],"wp:term":[{"taxonomy":"product_brand","embeddable":true,"href":"https:\/\/vielskervin.dk\/index.php?rest_route=%2Fwp%2Fv2%2Fproduct_brand&post=416"},{"taxonomy":"product_cat","embeddable":true,"href":"https:\/\/vielskervin.dk\/index.php?rest_route=%2Fwp%2Fv2%2Fproduct_cat&post=416"},{"taxonomy":"product_tag","embeddable":true,"href":"https:\/\/vielskervin.dk\/index.php?rest_route=%2Fwp%2Fv2%2Fproduct_tag&post=416"}],"curies":[{"name":"wp","href":"https:\/\/api.w.org\/{rel}","templated":true}]}}