{"id":362,"date":"2021-08-17T17:03:43","date_gmt":"2021-08-17T17:03:43","guid":{"rendered":"https:\/\/demo.athemes.com\/botiga\/?page_id=362"},"modified":"2022-12-11T10:08:07","modified_gmt":"2022-12-11T09:08:07","slug":"home-2","status":"publish","type":"page","link":"https:\/\/vielskervin.dk\/","title":{"rendered":"Forside"},"content":{"rendered":"\n<div id=\"athemes-blocks-block-cf9429d9\" class=\"wp-block-athemes-athemes-blocks-block-container athemes-blocks-block athemes-blocks-block-cf9429d9 athemes-blocks-block-container alignfull\"><div class=\"athemes-blocks-block-container-wrapper athemes-blocks-block-container-bg-cover athemes-blocks-block-container-bg-effect-scroll\"><img class=\"athemes-blocks-background-image\" width=\"1920\" height=\"440\" srcset=\"https:\/\/vielskervin.dk\/wp-content\/uploads\/2022\/12\/banner1.jpg 1920w, \" sizes=\"auto, (max-width: 1920px) 100vw, 1920px\" alt=\"\" loading=\"lazy\"\/><div class=\"athemes-blocks-block-container-wrapper-content\">\n<div class=\"wp-block-columns is-layout-flex wp-container-core-columns-is-layout-28f84493 wp-block-columns-is-layout-flex\">\n<div class=\"wp-block-column is-layout-flow wp-block-column-is-layout-flow\" style=\"flex-basis:66.66%\">\n<h2 class=\"has-color-2-color has-text-color wp-block-heading\">Livet er for kort til d\u00e5rlig vin<br>Nyd livet med vores gode vine.<\/h2>\n\n\n\n<div class=\"wp-block-buttons\"><\/div>\n<\/div>\n<\/div>\n<\/div><\/div><\/div>\n\n\n\n<div class=\"wp-block-group\"><div class=\"wp-block-group__inner-container is-layout-constrained wp-block-group-is-layout-constrained\"><\/div><\/div>\n\n\n\n<style>\n.entry-content a {\n    text-decoration: none;\n}\na {\n    color: #ffffff;\n}\na:visited {\n    color: #ffffff;\n}\na:hover {\n  color: #D9B25C;\n<\/style>\n\n\n\n<h3 class=\"wp-block-heading\">Shop efter vintype<\/h3>\n\n\n\n<div class=\"wp-block-columns is-layout-flex wp-container-core-columns-is-layout-28f84493 wp-block-columns-is-layout-flex\">\n<div class=\"wp-block-column is-layout-flow wp-block-column-is-layout-flow\">\n<figure class=\"wp-block-image size-full\"><a href=\"https:\/\/vielskervin.dk\/vare-kategori\/roedvin\/\"><img loading=\"lazy\" decoding=\"async\" width=\"360\" height=\"360\" src=\"https:\/\/vielskervin.dk\/wp-content\/uploads\/2022\/12\/forside-redwine_360x.jpg\" alt=\"\" class=\"wp-image-415\"\/><\/a><figcaption class=\"wp-element-caption\"><a href=\"https:\/\/vielskervin.dk\/vare-kategori\/roedvin\/\" data-type=\"URL\" data-id=\"https:\/\/vielskervin.dk\/vare-kategori\/roedvin\/\">R\u00f8dvin<\/a><\/figcaption><\/figure>\n<\/div>\n\n\n\n<div class=\"wp-block-column is-layout-flow wp-block-column-is-layout-flow\">\n<figure class=\"wp-block-image size-full\"><a href=\"https:\/\/vielskervin.dk\/vare-kategori\/hvidvin\/\"><img loading=\"lazy\" decoding=\"async\" width=\"360\" height=\"360\" src=\"https:\/\/vielskervin.dk\/wp-content\/uploads\/2022\/12\/forside-whitewine_360x.jpg\" alt=\"\" class=\"wp-image-550\"\/><\/a><figcaption class=\"wp-element-caption\"><a href=\"https:\/\/vielskervin.dk\/vare-kategori\/hvidvin\/\" data-type=\"URL\" data-id=\"https:\/\/vielskervin.dk\/vare-kategori\/hvidvin\/\">Hvidvin<\/a><\/figcaption><\/figure>\n<\/div>\n\n\n\n<div class=\"wp-block-column is-layout-flow wp-block-column-is-layout-flow\">\n<figure class=\"wp-block-image size-full\"><a href=\"https:\/\/vielskervin.dk\/vare-kategori\/rosevin\/\"><img loading=\"lazy\" decoding=\"async\" width=\"360\" height=\"360\" src=\"https:\/\/vielskervin.dk\/wp-content\/uploads\/2022\/12\/rosewine-kategori_360x.jpg\" alt=\"\" class=\"wp-image-552\"\/><\/a><figcaption class=\"wp-element-caption\"><a href=\"https:\/\/vielskervin.dk\/vare-kategori\/rosevin\/\" data-type=\"URL\" data-id=\"https:\/\/vielskervin.dk\/vare-kategori\/rosevin\/\">Ros\u00e9vin<\/a><\/figcaption><\/figure>\n<\/div>\n\n\n\n<div class=\"wp-block-column is-layout-flow wp-block-column-is-layout-flow\">\n<figure class=\"wp-block-image size-full\"><img loading=\"lazy\" decoding=\"async\" width=\"360\" height=\"360\" src=\"https:\/\/vielskervin.dk\/wp-content\/uploads\/2022\/12\/forside-portvin_360x.jpg\" alt=\"\" class=\"wp-image-551\"\/><figcaption class=\"wp-element-caption\"><a href=\"https:\/\/vielskervin.dk\/vare-kategori\/portvin\/\" data-type=\"URL\" data-id=\"https:\/\/vielskervin.dk\/vare-kategori\/portvin\/\">Portvin<\/a><\/figcaption><\/figure>\n<\/div>\n<\/div>\n\n\n\n<h3 class=\"has-text-align-left wp-block-heading\">Nyeste vine i shoppen<\/h3>\n\n\n<div data-block-name=\"woocommerce\/product-new\" data-columns=\"4\" data-content-visibility=\"{&quot;title&quot;:true,&quot;price&quot;:true,&quot;rating&quot;:false,&quot;button&quot;:true}\" data-rows=\"1\" data-stock-status=\"[&quot;&quot;,&quot;instock&quot;]\" class=\"wc-block-grid wp-block-product-new wp-block-woocommerce-product-new wc-block-product-new has-4-columns\"><ul class=\"wc-block-grid__products\"><li class=\"wc-block-grid__product\">\r\n                        <a href=\"https:\/\/vielskervin.dk\/?product=2018-nativ-eremo-san-quirico-2018\" class=\"wc-block-grid__product-link\">\r\n                                <div class=\"wc-block-grid__product-image\"><img loading=\"lazy\" decoding=\"async\" width=\"420\" height=\"420\" src=\"https:\/\/vielskervin.dk\/wp-content\/uploads\/2022\/12\/nativ-eremo-san-quirico-2018.jpg\" class=\"attachment-woocommerce_thumbnail size-woocommerce_thumbnail\" alt=\"Nativ Eremo San Quirico Irpinia Campi Taurasini - 2018\" \/><\/div>\r\n                                <div class=\"wc-block-grid__product-title\">Nativ Eremo San Quirico Irpinia Campi Taurasini &#8211; 2018<\/div>\r\n                        <\/a>\r\n                        \r\n                        <div class=\"wc-block-grid__product-price price\">\t\t<span class=\"tiered-pricing-dynamic-price-wrapper\" data-display-context=\"shop-loop\" data-price-type=\"dynamic\" data-product-id=\"694\" data-parent-id=\"694\">\n\t\t\t<span class=\"woocommerce-Price-amount amount\">400.00&nbsp;<span class=\"woocommerce-Price-currencySymbol\">kr.<\/span><\/span><\/span><\/div>\r\n                        \r\n                        <div class=\"wp-block-button wc-block-grid__product-add-to-cart\"><a href=\"\/index.php?rest_route=%2Fwp%2Fv2%2Fpages%2F362&#038;add-to-cart=694\" aria-label=\"L\u00e6g i kurv: &ldquo;Nativ Eremo San Quirico Irpinia Campi Taurasini - 2018&rdquo;\" data-quantity=\"6\" data-product_id=\"694\" data-product_sku=\"\" rel=\"nofollow\" class=\"wp-block-button__link add_to_cart_button ajax_add_to_cart\">Tilf\u00f8j til kurv<\/a><\/div>\r\n                <\/li><li class=\"wc-block-grid__product\">\r\n                        <a href=\"https:\/\/vielskervin.dk\/?product=nativ-eremo-san-quirico-gold-2018\" class=\"wc-block-grid__product-link\">\r\n                                <div class=\"wc-block-grid__product-image\"><img loading=\"lazy\" decoding=\"async\" width=\"420\" height=\"420\" src=\"https:\/\/vielskervin.dk\/wp-content\/uploads\/2022\/12\/nativ-eremo-aan-quirico-gold-2018.jpg\" class=\"attachment-woocommerce_thumbnail size-woocommerce_thumbnail\" alt=\"Nativ Eremo San Quirico Gold Irpinia Campi Taurasini - 2018\" \/><\/div>\r\n                                <div class=\"wc-block-grid__product-title\">Nativ Eremo San Quirico Gold Irpinia Campi Taurasini &#8211; 2018<\/div>\r\n                        <\/a>\r\n                        \r\n                        <div class=\"wc-block-grid__product-price price\">\t\t<span class=\"tiered-pricing-dynamic-price-wrapper\" data-display-context=\"shop-loop\" data-price-type=\"dynamic\" data-product-id=\"692\" data-parent-id=\"692\">\n\t\t\t<span class=\"woocommerce-Price-amount amount\">400.00&nbsp;<span class=\"woocommerce-Price-currencySymbol\">kr.<\/span><\/span><\/span><\/div>\r\n                        \r\n                        <div class=\"wp-block-button wc-block-grid__product-add-to-cart\"><a href=\"\/index.php?rest_route=%2Fwp%2Fv2%2Fpages%2F362&#038;add-to-cart=692\" aria-label=\"L\u00e6g i kurv: &ldquo;Nativ Eremo San Quirico Gold Irpinia Campi Taurasini - 2018&rdquo;\" data-quantity=\"6\" data-product_id=\"692\" data-product_sku=\"\" rel=\"nofollow\" class=\"wp-block-button__link add_to_cart_button ajax_add_to_cart\">Tilf\u00f8j til kurv<\/a><\/div>\r\n                <\/li><li class=\"wc-block-grid__product\">\r\n                        <a href=\"https:\/\/vielskervin.dk\/?product=chacra-sin-azufre-pinot-noir-oeko-patagonia-2017\" class=\"wc-block-grid__product-link\">\r\n                                <div class=\"wc-block-grid__product-image\"><img loading=\"lazy\" decoding=\"async\" width=\"420\" height=\"420\" src=\"https:\/\/vielskervin.dk\/wp-content\/uploads\/2022\/12\/chacra-sin-azufre-pinot-noir-patagonia-2017.jpg\" class=\"attachment-woocommerce_thumbnail size-woocommerce_thumbnail\" alt=\"Chacra Sin Azufre Pinot Noir \u00d8ko Patagonia - 2017\" \/><\/div>\r\n                                <div class=\"wc-block-grid__product-title\">Chacra Sin Azufre Pinot Noir \u00d8ko Patagonia &#8211; 2017<\/div>\r\n                        <\/a>\r\n                        \r\n                        <div class=\"wc-block-grid__product-price price\">\t\t<span class=\"tiered-pricing-dynamic-price-wrapper\" data-display-context=\"shop-loop\" data-price-type=\"dynamic\" data-product-id=\"690\" data-parent-id=\"690\">\n\t\t\t<span class=\"woocommerce-Price-amount amount\">400.00&nbsp;<span class=\"woocommerce-Price-currencySymbol\">kr.<\/span><\/span><\/span><\/div>\r\n                        \r\n                        <div class=\"wp-block-button wc-block-grid__product-add-to-cart\"><a href=\"\/index.php?rest_route=%2Fwp%2Fv2%2Fpages%2F362&#038;add-to-cart=690\" aria-label=\"L\u00e6g i kurv: &ldquo;Chacra Sin Azufre Pinot Noir \u00d8ko Patagonia - 2017&rdquo;\" data-quantity=\"6\" data-product_id=\"690\" data-product_sku=\"\" rel=\"nofollow\" class=\"wp-block-button__link add_to_cart_button ajax_add_to_cart\">Tilf\u00f8j til kurv<\/a><\/div>\r\n                <\/li><li class=\"wc-block-grid__product\">\r\n                        <a href=\"https:\/\/vielskervin.dk\/?product=chateauneuf-du-pape-rouge-chateau-de-vaudieu-2016\" class=\"wc-block-grid__product-link\">\r\n                                <div class=\"wc-block-grid__product-image\"><img loading=\"lazy\" decoding=\"async\" width=\"420\" height=\"420\" src=\"https:\/\/vielskervin.dk\/wp-content\/uploads\/2022\/12\/chateauneuf-du-pape-rouge-chateau-de-vaudieu-2016.jpg\" class=\"attachment-woocommerce_thumbnail size-woocommerce_thumbnail\" alt=\"Ch\u00e2teauneuf du Pape Rouge Ch\u00e2teau de Vaudieu - 2016\" \/><\/div>\r\n                                <div class=\"wc-block-grid__product-title\">Ch\u00e2teauneuf du Pape Rouge Ch\u00e2teau de Vaudieu &#8211; 2016<\/div>\r\n                        <\/a>\r\n                        \r\n                        <div class=\"wc-block-grid__product-price price\">\t\t<span class=\"tiered-pricing-dynamic-price-wrapper\" data-display-context=\"shop-loop\" data-price-type=\"dynamic\" data-product-id=\"688\" data-parent-id=\"688\">\n\t\t\t<span class=\"woocommerce-Price-amount amount\">400.00&nbsp;<span class=\"woocommerce-Price-currencySymbol\">kr.<\/span><\/span><\/span><\/div>\r\n                        \r\n                        <div class=\"wp-block-button wc-block-grid__product-add-to-cart\"><a href=\"\/index.php?rest_route=%2Fwp%2Fv2%2Fpages%2F362&#038;add-to-cart=688\" aria-label=\"L\u00e6g i kurv: &ldquo;Ch\u00e2teauneuf du Pape Rouge Ch\u00e2teau de Vaudieu - 2016&rdquo;\" data-quantity=\"6\" data-product_id=\"688\" data-product_sku=\"\" rel=\"nofollow\" class=\"wp-block-button__link add_to_cart_button ajax_add_to_cart\">Tilf\u00f8j til kurv<\/a><\/div>\r\n                <\/li><\/ul><\/div>\n\n\n<div style=\"height:100px\" aria-hidden=\"true\" class=\"wp-block-spacer\"><\/div>\n\n\n\n<div id=\"athemes-blocks-block-fb8536bb\" class=\"wp-block-athemes-athemes-blocks-block-container athemes-blocks-block athemes-blocks-block-fb8536bb athemes-blocks-block-container alignfull\"><div class=\"athemes-blocks-block-container-wrapper athemes-blocks-block-container-bg-cover athemes-blocks-block-container-bg-effect-scroll\"><img class=\"athemes-blocks-background-image\" width=\"1920\" height=\"440\" srcset=\"https:\/\/vielskervin.dk\/wp-content\/uploads\/2022\/12\/banner3.jpg 1920w, \" sizes=\"auto, (max-width: 1920px) 100vw, 1920px\" alt=\"\" loading=\"lazy\"\/><div class=\"athemes-blocks-block-container-wrapper-content\">\n<h3 class=\"has-text-align-left has-color-2-color has-text-color wp-block-heading\">Hvidvin<\/h3>\n\n\n\n<p class=\"has-text-align-left has-color-2-color has-text-color\">En hvidvin kan b\u00e5de nydes p\u00e5 terrassen eller til en l\u00e6kker forret, se vores l\u00e6kre udvlag<\/p>\n\n\n\n<div class=\"wp-block-buttons is-horizontal is-content-justification-left is-layout-flex wp-container-core-buttons-is-layout-20be11b6 wp-block-buttons-is-layout-flex\">\n<div class=\"wp-block-button\"><a class=\"wp-block-button__link wp-element-button\" href=\"https:\/\/vielskervin.dk\/vare-kategori\/hvidvin\/\">Se mere<\/a><\/div>\n<\/div>\n<\/div><\/div><\/div>\n\n\n\n<div style=\"height:100px\" aria-hidden=\"true\" class=\"wp-block-spacer\"><\/div>\n\n\n\n<h3 class=\"has-text-align-center wp-block-heading\">Featured Categories<\/h3>\n\n\n\n<p class=\"has-text-align-center\">Give your customers insight into your product collection. Select imagery and name that relates to the product category.<\/p>\n\n\n\n<div class=\"wp-block-columns is-layout-flex wp-container-core-columns-is-layout-28f84493 wp-block-columns-is-layout-flex\">\n<div class=\"wp-block-column is-layout-flow wp-block-column-is-layout-flow\"><div class=\"wp-block-image\">\n<figure class=\"aligncenter size-large\"><a href=\"https:\/\/demo.athemes.com\/botiga\/product-category\/cosmetics\/\"><img decoding=\"async\" src=\"https:\/\/vielskervin.dk\/wp-content\/uploads\/2021\/07\/Rectangle-581-1.jpg\" alt=\"\" class=\"wp-image-325\"\/><\/a><\/figure>\n<\/div>\n\n\n<p class=\"has-text-align-center\"><a style=\"text-decoration:none;\" href=\"https:\/\/demo.athemes.com\/botiga\/product-category\/cosmetics\/\" data-type=\"URL\" data-id=\"https:\/\/demo.athemes.com\/botiga\/product-category\/cosmetics\/\">Makeup<\/a><\/p>\n<\/div>\n\n\n\n<div class=\"wp-block-column is-layout-flow wp-block-column-is-layout-flow\"><div class=\"wp-block-image\">\n<figure class=\"aligncenter size-large\"><a href=\"https:\/\/demo.athemes.com\/botiga\/product-category\/cosmetics\/\"><img decoding=\"async\" src=\"https:\/\/vielskervin.dk\/wp-content\/uploads\/2021\/07\/Rectangle-582-1.jpg\" alt=\"\" class=\"wp-image-323\"\/><\/a><\/figure>\n<\/div>\n\n\n<p class=\"has-text-align-center\"><a style=\"text-decoration:none;\" href=\"https:\/\/demo.athemes.com\/botiga\/product-category\/cosmetics\/\" data-type=\"URL\" data-id=\"https:\/\/demo.athemes.com\/botiga\/product-category\/cosmetics\/\">Lipstick<\/a><\/p>\n<\/div>\n\n\n\n<div class=\"wp-block-column is-layout-flow wp-block-column-is-layout-flow\"><div class=\"wp-block-image\">\n<figure class=\"aligncenter size-large\"><a href=\"https:\/\/demo.athemes.com\/botiga\/product-category\/cosmetics\/\"><img decoding=\"async\" src=\"https:\/\/vielskervin.dk\/wp-content\/uploads\/2021\/07\/Rectangle-583-1.jpg\" alt=\"\" class=\"wp-image-326\"\/><\/a><\/figure>\n<\/div>\n\n\n<p class=\"has-text-align-center\"><a style=\"text-decoration:none;\" href=\"https:\/\/demo.athemes.com\/botiga\/product-category\/cosmetics\/\">Bath Products<\/a><\/p>\n<\/div>\n\n\n\n<div class=\"wp-block-column is-layout-flow wp-block-column-is-layout-flow\"><div class=\"wp-block-image\">\n<figure class=\"aligncenter size-large\"><a href=\"https:\/\/demo.athemes.com\/botiga\/product-category\/cosmetics\/\"><img decoding=\"async\" src=\"https:\/\/vielskervin.dk\/wp-content\/uploads\/2021\/07\/Rectangle-584-1.jpg\" alt=\"\" class=\"wp-image-327\"\/><\/a><\/figure>\n<\/div>\n\n\n<p class=\"has-text-align-center\"><a style=\"text-decoration:none;\" href=\"https:\/\/demo.athemes.com\/botiga\/product-category\/cosmetics\/\">Treatments<\/a><\/p>\n<\/div>\n<\/div>\n\n\n\n<div style=\"height:90px\" aria-hidden=\"true\" class=\"wp-block-spacer\"><\/div>\n","protected":false},"excerpt":{"rendered":"<p>Shop efter vintype Nyeste vine i shoppen Featured Categories Give your customers insight into your product collection. Select imagery and name that relates to the product category. Makeup Lipstick Bath [&hellip;]<\/p>\n","protected":false},"author":1,"featured_media":0,"parent":27,"menu_order":0,"comment_status":"closed","ping_status":"closed","template":"","meta":{"footnotes":""},"class_list":["post-362","page","type-page","status-publish","hentry"],"_links":{"self":[{"href":"https:\/\/vielskervin.dk\/index.php?rest_route=\/wp\/v2\/pages\/362","targetHints":{"allow":["GET"]}}],"collection":[{"href":"https:\/\/vielskervin.dk\/index.php?rest_route=\/wp\/v2\/pages"}],"about":[{"href":"https:\/\/vielskervin.dk\/index.php?rest_route=\/wp\/v2\/types\/page"}],"author":[{"embeddable":true,"href":"https:\/\/vielskervin.dk\/index.php?rest_route=\/wp\/v2\/users\/1"}],"replies":[{"embeddable":true,"href":"https:\/\/vielskervin.dk\/index.php?rest_route=%2Fwp%2Fv2%2Fcomments&post=362"}],"version-history":[{"count":60,"href":"https:\/\/vielskervin.dk\/index.php?rest_route=\/wp\/v2\/pages\/362\/revisions"}],"predecessor-version":[{"id":683,"href":"https:\/\/vielskervin.dk\/index.php?rest_route=\/wp\/v2\/pages\/362\/revisions\/683"}],"up":[{"embeddable":true,"href":"https:\/\/vielskervin.dk\/index.php?rest_route=\/wp\/v2\/pages\/27"}],"wp:attachment":[{"href":"https:\/\/vielskervin.dk\/index.php?rest_route=%2Fwp%2Fv2%2Fmedia&parent=362"}],"curies":[{"name":"wp","href":"https:\/\/api.w.org\/{rel}","templated":true}]}}